{"id":123,"date":"2020-03-02T18:32:00","date_gmt":"2020-03-02T18:32:00","guid":{"rendered":"http:\/\/inaww.eu\/?page_id=123"},"modified":"2020-04-24T16:46:48","modified_gmt":"2020-04-24T16:46:48","slug":"was-wir-wissen-koennen","status":"publish","type":"page","link":"https:\/\/inaww.eu\/?page_id=123","title":{"rendered":"was wir wissen &#8230;"},"content":{"rendered":"\n<h3>und was wir tun k\u00f6nnen<\/h3>\n\n\n\n<p><a rel=\"noreferrer noopener\" href=\"https:\/\/www.uni-koblenz-landau.de\/de\/koblenz\/fb3\/ifin\/abteilung-biologie\/ag-zoologie\/mitarbeiter\/thomas-wagner\" target=\"_blank\">Prof. Dr. Thomas Wagner<\/a> bringt das Thema auf den Punkt: <br><br>Der <strong><a href=\"http:\/\/inaww.eu\/wp-content\/uploads\/2020\/04\/stellungnahme_entomologische.pdf\" target=\"_blank\" rel=\"noreferrer noopener\">R\u00fcckgang der Insektenarten ist weltweit festzustellen<\/a><\/strong> und ein wissenschaftlicher Fakt.  Die Dramatik dieses Geschehens wird aber ebenso weltweit von der Politik und vielen B\u00fcrgern ignoriert. <br><br><br>Die schleichende Vergiftung der bewirtschafteten Fl\u00e4chen <br>durch gro\u00dffl\u00e4chiges Ausbringen von Pestiziden und Herbiziden <br>sch\u00e4dige auch hier in Mitteleuropa <br><strong>Tiere und Menschen<\/strong> langfristig.  <\/p>\n\n\n\n<p class=\"has-text-align-left\"> Ein Umschwenken im sogenannten Pflanzenschutz <br>sei unbedingt erforderlich. Offensichtlich  sei dieser Zustand <br>politisch gewollt, da die landwirtschaftliche  F\u00f6rderung in der EU <br>sich nicht auf Qualit\u00e4t sondern auf die  Massenproduktion beschr\u00e4nkt. <\/p>\n\n\n\n<p>Alle  Fl\u00e4chen jenseits dieser Nutzung sollten durch heimische Hecken,  insektenbest\u00e4ubte Baumarten, Stauden und bl\u00fchende Pflanzen aufgewertet  werden.<br>Diese stellen dann <strong>unbedingt ben\u00f6tigte Nahrung f\u00fcr Insekten und Insektenfresser <\/strong>(sprich V\u00f6gel) bereit.  <br>Wichtig  dabei sei, heimische Arten zu bevorzugen und Koniferen (Nadelb\u00e4ume)   sowie f\u00fcr Tiere giftige Heckenpflanzen zu vermeiden. Diese bieten Insekten keinerlei Nahrung und  sind somit f\u00fcr sie wertlos. <\/p>\n\n\n\n<p class=\"has-text-align-left\">Der Einfluss der B\u00fcrgerinnen und  B\u00fcrger best\u00fcnde darin, sich f\u00fcr den Schutz der Tiere und Fl\u00e4chen  einzusetzen. Das bedeute, die Verantwortung f\u00fcr seine unmittelbare  Umgebung zu \u00fcbernehmen und <strong>angemessene Lebensr\u00e4ume f\u00fcr Insekten und V\u00f6gel<\/strong> bereit zu stellen. <br>Ebenso wichtig sei, sich <strong>als Verbraucher neu zu orientieren<\/strong>  und sich auf qualit\u00e4tsvolle (biologisch angebaute) Produkte zu  konzentrieren. Dies sei kein Verzicht, da die Verbesserung der  Nahrungsmittel die <strong>Lebensqualit\u00e4t<\/strong> steigere. <\/p>\n\n\n\n<p> Den Verlust der Vielfalt der Arten k\u00f6nnen wir uns nicht leisten. <br>Lebenskreisl\u00e4ufe m\u00fcssen erhalten bleiben und wieder aufgebaut werden. Unsere Lebensgrundlagen werden nur durch gemeinsame Aktivit\u00e4ten gesichert. <\/p>\n\n\n\n<p><br><br><br><br><br><\/p>\n","protected":false},"excerpt":{"rendered":"<p>und was wir tun k\u00f6nnen Prof. Dr. Thomas Wagner bringt das Thema auf den Punkt: Der R\u00fcckgang der Insektenarten ist weltweit festzustellen und ein wissenschaftlicher Fakt. Die Dramatik dieses Geschehens wird aber ebenso weltweit von der Politik und vielen B\u00fcrgern ignoriert. Die schleichende Vergiftung der bewirtschafteten Fl\u00e4chen durch gro\u00dffl\u00e4chiges Ausbringen von Pestiziden und Herbiziden sch\u00e4dige &hellip; <\/p>\n<p class=\"link-more\"><a href=\"https:\/\/inaww.eu\/?page_id=123\" class=\"more-link\"><span class=\"screen-reader-text\">\u201ewas wir wissen &#8230;\u201c<\/span> weiterlesen<\/a><\/p>\n","protected":false},"author":1,"featured_media":0,"parent":0,"menu_order":0,"comment_status":"closed","ping_status":"closed","template":"","meta":[],"_links":{"self":[{"href":"https:\/\/inaww.eu\/index.php?rest_route=\/wp\/v2\/pages\/123"}],"collection":[{"href":"https:\/\/inaww.eu\/index.php?rest_route=\/wp\/v2\/pages"}],"about":[{"href":"https:\/\/inaww.eu\/index.php?rest_route=\/wp\/v2\/types\/page"}],"author":[{"embeddable":true,"href":"https:\/\/inaww.eu\/index.php?rest_route=\/wp\/v2\/users\/1"}],"replies":[{"embeddable":true,"href":"https:\/\/inaww.eu\/index.php?rest_route=%2Fwp%2Fv2%2Fcomments&post=123"}],"version-history":[{"count":26,"href":"https:\/\/inaww.eu\/index.php?rest_route=\/wp\/v2\/pages\/123\/revisions"}],"predecessor-version":[{"id":538,"href":"https:\/\/inaww.eu\/index.php?rest_route=\/wp\/v2\/pages\/123\/revisions\/538"}],"wp:attachment":[{"href":"https:\/\/inaww.eu\/index.php?rest_route=%2Fwp%2Fv2%2Fmedia&parent=123"}],"curies":[{"name":"wp","href":"https:\/\/api.w.org\/{rel}","templated":true}]}}