{"id":238,"date":"2020-03-10T08:30:00","date_gmt":"2020-03-10T08:30:00","guid":{"rendered":"http:\/\/inaww.eu\/?page_id=238"},"modified":"2020-04-17T08:37:38","modified_gmt":"2020-04-17T08:37:38","slug":"der-natur-nahe-sein","status":"publish","type":"page","link":"https:\/\/inaww.eu\/?page_id=238","title":{"rendered":"natur nah"},"content":{"rendered":"\n<p style=\"font-size:21px\"> Frau Piwecki, Gartenarchitektin, hat ein klares Programm f\u00fcr Lebendigkeit um das Haus<\/p>\n\n\n\n<p class=\"has-medium-font-size\"> Wie ich dem Artensterben entgegentreten  kann &#8211; <br><\/p>\n\n\n\n<ul><li>Das Ausma\u00df des Insektensterbens und die Gr\u00f6\u00dfe des Verlusts von aktiver Biomasse ist ein ausreichender und notwendiger Anlass, um  etwas dagegen zu unternehmen. Am Besten ist,  vor der eigenen Haust\u00fcr anzufangen.<br>Jeder Quadratmeter z\u00e4hlt. <br> <\/li><\/ul>\n\n\n\n<ul><li>Ein artenreicher Gr\u00fcnbereich unterst\u00fctzt die Biodiversit\u00e4t. Die Spezialisten unter den Best\u00e4ubern (z.B. mehr als 550 Wildbienenarten) ben\u00f6tigen ihre eigenen Bl\u00fctenpflanze zum \u00dcberleben. Eine Wildrose ern\u00e4hrt  \u00fcber 100 Arten, jede bl\u00fchende Pflanze ern\u00e4hrt bis zu 10 Arten.<br> <\/li><\/ul>\n\n\n\n<ul><li>Je vielf\u00e4ltiger unsere Umwelt ist, desto stabiler ist das biologische Gleichgewicht.  Alle Arten halten sich gegenseitig \u201ain Schach\u2018.  Zus\u00e4tzlich ist die Vielfalt des Genpools innerhalb der Tier- und Pflanzenarten wichtig, um z.B. die klimatischen Ver\u00e4nderungen flexibel auffangen zu k\u00f6nnen.  Einige Wespenarten haben sich  zum Beispiel mittlerweile auf den exotischen Buchsbaumz\u00fcnsler als Beutetier eingestellt. <br> <\/li><\/ul>\n\n\n\n<ul><li>Die Bepflanzung des Grundst\u00fccks sichert den Temperaturausgleich bei Hitzewellen. Asphalt und Steinfl\u00e4chen heizen zus\u00e4tzlich das Mikroklima auf. Zudem kann Wasser in Beeten versickern und kommt wieder unserem Grundwasser zugute.<br><\/li><\/ul>\n\n\n\n<p class=\"has-medium-font-size\"> Grunds\u00e4tze f\u00fcr Natur unterst\u00fctzende Fl\u00e4chen<\/p>\n\n\n\n<ul><li>Der Boden wird der Witterung nicht ausgesetzt, sondern bleibt bedeckt mit Pflanzen<br><br> <\/li><li>Rindenmulch dient dem Wegebau und ist kein Platzhalter zwischen Str\u00e4uchern &#8211; Gifte und k\u00fcnstliche Spritzmittel werden vom Grundst\u00fcck verbannt<br><br>  <\/li><li>Fl\u00e4chen soweit wie m\u00f6glich entsiegeln &#8211; Sickerfl\u00e4chen einplanen und einrichten<br><br> <\/li><li>Eine bunte und best\u00e4ndige Wildwiese kann nur auf m\u00f6glichst n\u00e4hrstoffarmem Boden entstehen &#8211; daf\u00fcr zum Beispiel Rasen vorher entfernen und den Boden abmagern <br><br> <\/li><li> Nur heimische Str\u00e4ucher und Stauden k\u00f6nnen die Ern\u00e4hrung und Fortpflanzung der ans\u00e4ssigen Tierarten erm\u00f6glichen &#8211; die meisten Koniferenarten geh\u00f6ren nicht dazu<br> <br> <\/li><li> Wasserstellen f\u00fcr das lebensnotwendige Nass vorsehen  &#8211;  vom \u201eTeichchen\u201c bis zum Badeteich ist alles m\u00f6glich<br><br> <\/li><li>Totholzinseln aus Reisig, alten Baumst\u00e4mmen oder unbehandelte Holzst\u00fccke sowie ein \u201eSandarium\u201c bieten Nist- und Nahrungsr\u00e4ume<br><br> <\/li><li>Schotterg\u00e4rten sind  auf Dauer zu arbeitsaufwendig  &#8211; g\u00fcnstiger und nachhaltiger ist die Anlage bl\u00fctenreicher und sich selbst erhaltender Bl\u00fchfl\u00e4chen<br><br> <\/li><li>Die nachtaktiven Insekten und ihre J\u00e4ger ben\u00f6tigen die nat\u00fcrliche &#8222;Dunkelheit&#8220; &#8211; die zunehmende Lichtverschmutzung schr\u00e4nkt deren Lebensraum massiv ein<br><\/li><\/ul>\n\n\n\n<p style=\"font-size:12px\">Diese Aufstellung versucht, die im Vortrag enthaltenen Informationen so knapp aber auch pr\u00e4zise wie m\u00f6glich wiederzugeben. Weiteres erfragen Sie bei der <a rel=\"noreferrer noopener\" aria-label=\"Referentin (\u00f6ffnet in neuem Tab)\" href=\"https:\/\/naturgartenplanerin.de\/index.html\" target=\"_blank\">Referentin<\/a>. Eine Liste der im Vortrag erw\u00e4hnten Stauden und Geh\u00f6lze erhalten Sie dort ebenfalls.  <br>Fragen Sie auch Ihre vertrauensw\u00fcrdigen Anbieter heimischer Stauden und Geh\u00f6lze.<\/p>\n","protected":false},"excerpt":{"rendered":"<p>Frau Piwecki, Gartenarchitektin, hat ein klares Programm f\u00fcr Lebendigkeit um das Haus Wie ich dem Artensterben entgegentreten kann &#8211; Das Ausma\u00df des Insektensterbens und die Gr\u00f6\u00dfe des Verlusts von aktiver Biomasse ist ein ausreichender und notwendiger Anlass, um etwas dagegen zu unternehmen. Am Besten ist, vor der eigenen Haust\u00fcr anzufangen.Jeder Quadratmeter z\u00e4hlt. Ein artenreicher Gr\u00fcnbereich &hellip; <\/p>\n<p class=\"link-more\"><a href=\"https:\/\/inaww.eu\/?page_id=238\" class=\"more-link\"><span class=\"screen-reader-text\">\u201enatur nah\u201c<\/span> weiterlesen<\/a><\/p>\n","protected":false},"author":1,"featured_media":0,"parent":0,"menu_order":0,"comment_status":"closed","ping_status":"closed","template":"","meta":[],"_links":{"self":[{"href":"https:\/\/inaww.eu\/index.php?rest_route=\/wp\/v2\/pages\/238"}],"collection":[{"href":"https:\/\/inaww.eu\/index.php?rest_route=\/wp\/v2\/pages"}],"about":[{"href":"https:\/\/inaww.eu\/index.php?rest_route=\/wp\/v2\/types\/page"}],"author":[{"embeddable":true,"href":"https:\/\/inaww.eu\/index.php?rest_route=\/wp\/v2\/users\/1"}],"replies":[{"embeddable":true,"href":"https:\/\/inaww.eu\/index.php?rest_route=%2Fwp%2Fv2%2Fcomments&post=238"}],"version-history":[{"count":51,"href":"https:\/\/inaww.eu\/index.php?rest_route=\/wp\/v2\/pages\/238\/revisions"}],"predecessor-version":[{"id":468,"href":"https:\/\/inaww.eu\/index.php?rest_route=\/wp\/v2\/pages\/238\/revisions\/468"}],"wp:attachment":[{"href":"https:\/\/inaww.eu\/index.php?rest_route=%2Fwp%2Fv2%2Fmedia&parent=238"}],"curies":[{"name":"wp","href":"https:\/\/api.w.org\/{rel}","templated":true}]}}