{"id":485,"date":"2020-04-22T10:36:36","date_gmt":"2020-04-22T10:36:36","guid":{"rendered":"http:\/\/inaww.eu\/?page_id=485"},"modified":"2020-05-11T12:16:17","modified_gmt":"2020-05-11T12:16:17","slug":"initiative-artenvielfalt-ww","status":"publish","type":"page","link":"https:\/\/inaww.eu\/","title":{"rendered":"initiative artenvielfalt ww"},"content":{"rendered":"\n<p>hier treffen sich menschen, die dem artensterben vor der t\u00fcr<br>und in der l\u00e4ndlichen gemeinde etwas entgegensetzen wollen<\/p>\n\n\n\n<p>.<\/p>\n\n\n\n<p><em><strong>Dem Studium der wissenschaftlichen Quellen und unserer pers\u00f6nlichen Anschauung folgend, stellt sich hier auf dem Land die Situation der Insekten, der V\u00f6gel und der Amphibien sehr dramatisch dar<\/strong><\/em><\/p>\n\n\n\n<p><em><strong>Die Arten und die Anzahl der Insektenarten haben derart an Masse und Zahl abgenommen, dass das sich selbst erhaltende Netzwerk dieser Arten zu zerrei\u00dfen und zusammenzubrechen droht<\/strong>.<\/em><\/p>\n\n\n\n<p><\/p>\n\n\n\n<p>.<\/p>\n\n\n\n<p>lesen sie mehr \u00fcber das bedrohte netzwerk der natur <br>und warum die<a href=\"http:\/\/inaww.eu\/wp-content\/uploads\/2020\/05\/Konstitution-der-Initiative-Artenvielfalt.pdf\" target=\"_blank\" rel=\"noreferrer noopener\"> <strong>initiative artenvielfalt ww<\/strong><\/a> sie bittet, aktiv zu werden<\/p>\n\n\n\n<p>.<\/p>\n\n\n\n<p>verwenden sie <strong><a rel=\"noreferrer noopener\" href=\"http:\/\/inaww.eu\/wp-content\/uploads\/2020\/04\/Initiative-zur-Erhaltung-der-Artenvielfalt_22.04.2020.pdf\" target=\"_blank\">die liste der t\u00e4tigkeiten<\/a><\/strong><a rel=\"noreferrer noopener\" href=\"http:\/\/inaww.eu\/wp-content\/uploads\/2020\/04\/Initiative-zur-Erhaltung-der-Artenvielfalt_22.04.2020.pdf\" target=\"_blank\"> <\/a>in der l\u00e4ndlichen gemeinde, <br>mit der sie aktiv werden und anfangen k\u00f6nnen <br>den verlust der arten zu beenden <\/p>\n\n\n\n<p>.<\/p>\n\n\n\n<p><br><strong>unterstrichene texte<\/strong> \u00f6ffnen interne und externe links<br>teile der webseite, die nicht zu \u00f6ffnen sind, werden noch bearbeitet<br><\/p>\n\n\n\n<p><a href=\"http:\/\/inaww.eu\/?page_id=397\" target=\"_blank\" rel=\"noreferrer noopener\">sponsered link<\/a><\/p>\n\n\n\n<p>.<\/p>\n\n\n\n<p><br><br><br><\/p>\n","protected":false},"excerpt":{"rendered":"<p>hier treffen sich menschen, die dem artensterben vor der t\u00fcrund in der l\u00e4ndlichen gemeinde etwas entgegensetzen wollen . Dem Studium der wissenschaftlichen Quellen und unserer pers\u00f6nlichen Anschauung folgend, stellt sich hier auf dem Land die Situation der Insekten, der V\u00f6gel und der Amphibien sehr dramatisch dar Die Arten und die Anzahl der Insektenarten haben derart &hellip; <\/p>\n<p class=\"link-more\"><a href=\"https:\/\/inaww.eu\/\" class=\"more-link\"><span class=\"screen-reader-text\">\u201einitiative artenvielfalt ww\u201c<\/span> weiterlesen<\/a><\/p>\n","protected":false},"author":1,"featured_media":0,"parent":0,"menu_order":0,"comment_status":"closed","ping_status":"closed","template":"","meta":[],"_links":{"self":[{"href":"https:\/\/inaww.eu\/index.php?rest_route=\/wp\/v2\/pages\/485"}],"collection":[{"href":"https:\/\/inaww.eu\/index.php?rest_route=\/wp\/v2\/pages"}],"about":[{"href":"https:\/\/inaww.eu\/index.php?rest_route=\/wp\/v2\/types\/page"}],"author":[{"embeddable":true,"href":"https:\/\/inaww.eu\/index.php?rest_route=\/wp\/v2\/users\/1"}],"replies":[{"embeddable":true,"href":"https:\/\/inaww.eu\/index.php?rest_route=%2Fwp%2Fv2%2Fcomments&post=485"}],"version-history":[{"count":22,"href":"https:\/\/inaww.eu\/index.php?rest_route=\/wp\/v2\/pages\/485\/revisions"}],"predecessor-version":[{"id":550,"href":"https:\/\/inaww.eu\/index.php?rest_route=\/wp\/v2\/pages\/485\/revisions\/550"}],"wp:attachment":[{"href":"https:\/\/inaww.eu\/index.php?rest_route=%2Fwp%2Fv2%2Fmedia&parent=485"}],"curies":[{"name":"wp","href":"https:\/\/api.w.org\/{rel}","templated":true}]}}